{"id":17,"date":"2022-11-22T11:19:54","date_gmt":"2022-11-22T10:19:54","guid":{"rendered":"http:\/\/wrfc2023.wpcomstaging.com\/?page_id=17"},"modified":"2023-11-09T10:19:08","modified_gmt":"2023-11-09T10:19:08","slug":"world-rally-fying-championship-2023","status":"publish","type":"page","link":"http:\/\/wrfc2023.local\/","title":{"rendered":"WRFC 2023"},"content":{"rendered":"\n<ul class=\"wp-block-social-links aligncenter is-layout-flex wp-block-social-links-is-layout-flex\"><li class=\"wp-social-link wp-social-link-instagram  wp-block-social-link\"><a href=\"https:\/\/www.instagram.com\/ffaero\/\" class=\"wp-block-social-link-anchor\"><svg width=\"24\" height=\"24\" viewBox=\"0 0 24 24\" version=\"1.1\" xmlns=\"http:\/\/www.w3.org\/2000\/svg\" aria-hidden=\"true\" focusable=\"false\"><path d=\"M12,4.622c2.403,0,2.688,0.009,3.637,0.052c0.877,0.04,1.354,0.187,1.671,0.31c0.42,0.163,0.72,0.358,1.035,0.673 c0.315,0.315,0.51,0.615,0.673,1.035c0.123,0.317,0.27,0.794,0.31,1.671c0.043,0.949,0.052,1.234,0.052,3.637 s-0.009,2.688-0.052,3.637c-0.04,0.877-0.187,1.354-0.31,1.671c-0.163,0.42-0.358,0.72-0.673,1.035 c-0.315,0.315-0.615,0.51-1.035,0.673c-0.317,0.123-0.794,0.27-1.671,0.31c-0.949,0.043-1.233,0.052-3.637,0.052 s-2.688-0.009-3.637-0.052c-0.877-0.04-1.354-0.187-1.671-0.31c-0.42-0.163-0.72-0.358-1.035-0.673 c-0.315-0.315-0.51-0.615-0.673-1.035c-0.123-0.317-0.27-0.794-0.31-1.671C4.631,14.688,4.622,14.403,4.622,12 s0.009-2.688,0.052-3.637c0.04-0.877,0.187-1.354,0.31-1.671c0.163-0.42,0.358-0.72,0.673-1.035 c0.315-0.315,0.615-0.51,1.035-0.673c0.317-0.123,0.794-0.27,1.671-0.31C9.312,4.631,9.597,4.622,12,4.622 M12,3 C9.556,3,9.249,3.01,8.289,3.054C7.331,3.098,6.677,3.25,6.105,3.472C5.513,3.702,5.011,4.01,4.511,4.511 c-0.5,0.5-0.808,1.002-1.038,1.594C3.25,6.677,3.098,7.331,3.054,8.289C3.01,9.249,3,9.556,3,12c0,2.444,0.01,2.751,0.054,3.711 c0.044,0.958,0.196,1.612,0.418,2.185c0.23,0.592,0.538,1.094,1.038,1.594c0.5,0.5,1.002,0.808,1.594,1.038 c0.572,0.222,1.227,0.375,2.185,0.418C9.249,20.99,9.556,21,12,21s2.751-0.01,3.711-0.054c0.958-0.044,1.612-0.196,2.185-0.418 c0.592-0.23,1.094-0.538,1.594-1.038c0.5-0.5,0.808-1.002,1.038-1.594c0.222-0.572,0.375-1.227,0.418-2.185 C20.99,14.751,21,14.444,21,12s-0.01-2.751-0.054-3.711c-0.044-0.958-0.196-1.612-0.418-2.185c-0.23-0.592-0.538-1.094-1.038-1.594 c-0.5-0.5-1.002-0.808-1.594-1.038c-0.572-0.222-1.227-0.375-2.185-0.418C14.751,3.01,14.444,3,12,3L12,3z M12,7.378 c-2.552,0-4.622,2.069-4.622,4.622S9.448,16.622,12,16.622s4.622-2.069,4.622-4.622S14.552,7.378,12,7.378z M12,15 c-1.657,0-3-1.343-3-3s1.343-3,3-3s3,1.343,3,3S13.657,15,12,15z M16.804,6.116c-0.596,0-1.08,0.484-1.08,1.08 s0.484,1.08,1.08,1.08c0.596,0,1.08-0.484,1.08-1.08S17.401,6.116,16.804,6.116z\"><\/path><\/svg><span class=\"wp-block-social-link-label screen-reader-text\">Instagram<\/span><\/a><\/li>\n\n<li class=\"wp-social-link wp-social-link-facebook  wp-block-social-link\"><a href=\"https:\/\/www.facebook.com\/ffaero\" class=\"wp-block-social-link-anchor\"><svg width=\"24\" height=\"24\" viewBox=\"0 0 24 24\" version=\"1.1\" xmlns=\"http:\/\/www.w3.org\/2000\/svg\" aria-hidden=\"true\" focusable=\"false\"><path d=\"M12 2C6.5 2 2 6.5 2 12c0 5 3.7 9.1 8.4 9.9v-7H7.9V12h2.5V9.8c0-2.5 1.5-3.9 3.8-3.9 1.1 0 2.2.2 2.2.2v2.5h-1.3c-1.2 0-1.6.8-1.6 1.6V12h2.8l-.4 2.9h-2.3v7C18.3 21.1 22 17 22 12c0-5.5-4.5-10-10-10z\"><\/path><\/svg><span class=\"wp-block-social-link-label screen-reader-text\">Facebook<\/span><\/a><\/li>\n\n<li class=\"wp-social-link wp-social-link-youtube  wp-block-social-link\"><a href=\"https:\/\/www.youtube.com\/@FFAeronautique\" class=\"wp-block-social-link-anchor\"><svg width=\"24\" height=\"24\" viewBox=\"0 0 24 24\" version=\"1.1\" xmlns=\"http:\/\/www.w3.org\/2000\/svg\" aria-hidden=\"true\" focusable=\"false\"><path d=\"M21.8,8.001c0,0-0.195-1.378-0.795-1.985c-0.76-0.797-1.613-0.801-2.004-0.847c-2.799-0.202-6.997-0.202-6.997-0.202 h-0.009c0,0-4.198,0-6.997,0.202C4.608,5.216,3.756,5.22,2.995,6.016C2.395,6.623,2.2,8.001,2.2,8.001S2,9.62,2,11.238v1.517 c0,1.618,0.2,3.237,0.2,3.237s0.195,1.378,0.795,1.985c0.761,0.797,1.76,0.771,2.205,0.855c1.6,0.153,6.8,0.201,6.8,0.201 s4.203-0.006,7.001-0.209c0.391-0.047,1.243-0.051,2.004-0.847c0.6-0.607,0.795-1.985,0.795-1.985s0.2-1.618,0.2-3.237v-1.517 C22,9.62,21.8,8.001,21.8,8.001z M9.935,14.594l-0.001-5.62l5.404,2.82L9.935,14.594z\"><\/path><\/svg><span class=\"wp-block-social-link-label screen-reader-text\">YouTube<\/span><\/a><\/li>\n\n<li class=\"wp-social-link wp-social-link-twitter  wp-block-social-link\"><a href=\"https:\/\/twitter.com\/ffaeronautique\" class=\"wp-block-social-link-anchor\"><svg width=\"24\" height=\"24\" viewBox=\"0 0 24 24\" version=\"1.1\" xmlns=\"http:\/\/www.w3.org\/2000\/svg\" aria-hidden=\"true\" focusable=\"false\"><path d=\"M22.23,5.924c-0.736,0.326-1.527,0.547-2.357,0.646c0.847-0.508,1.498-1.312,1.804-2.27 c-0.793,0.47-1.671,0.812-2.606,0.996C18.324,4.498,17.257,4,16.077,4c-2.266,0-4.103,1.837-4.103,4.103 c0,0.322,0.036,0.635,0.106,0.935C8.67,8.867,5.647,7.234,3.623,4.751C3.27,5.357,3.067,6.062,3.067,6.814 c0,1.424,0.724,2.679,1.825,3.415c-0.673-0.021-1.305-0.206-1.859-0.513c0,0.017,0,0.034,0,0.052c0,1.988,1.414,3.647,3.292,4.023 c-0.344,0.094-0.707,0.144-1.081,0.144c-0.264,0-0.521-0.026-0.772-0.074c0.522,1.63,2.038,2.816,3.833,2.85 c-1.404,1.1-3.174,1.756-5.096,1.756c-0.331,0-0.658-0.019-0.979-0.057c1.816,1.164,3.973,1.843,6.29,1.843 c7.547,0,11.675-6.252,11.675-11.675c0-0.178-0.004-0.355-0.012-0.531C20.985,7.47,21.68,6.747,22.23,5.924z\"><\/path><\/svg><span class=\"wp-block-social-link-label screen-reader-text\">Twitter<\/span><\/a><\/li><\/ul>\n\n\n\n<div class=\"wp-block-cover alignfull is-light has-parallax\" style=\"min-height:425px\"><span aria-hidden=\"true\" class=\"wp-block-cover__background has-background-dim-30 has-background-dim\"><\/span><div role=\"img\" class=\"wp-block-cover__image-background wp-image-21 has-parallax\" style=\"background-position:50% 50%;background-image:url(http:\/\/wrfc2023.local\/wp-content\/uploads\/2022\/11\/img_1290-2.jpg)\"><\/div><div class=\"wp-block-cover__inner-container is-layout-flow wp-block-cover-is-layout-flow\">\n<h1 class=\"wp-block-heading alignfull has-text-align-center has-accent-font-color has-text-color has-link-color has-x-large-font-size wp-elements-2f5373e1db00e7e9c25ae9300b1a05a9\">WORLD RALLY FLYING CHAMPIONSHIPS<\/h1>\n\n\n\n<h2 class=\"wp-block-heading has-text-align-center has-accent-font-color has-text-color has-link-color has-huge-font-size wp-elements-99aa40263431be6c794cd08b9353cdfd\"><strong><mark style=\"background-color:rgba(0, 0, 0, 0)\" class=\"has-inline-color has-background-color\">30\/07\/2023 to 04\/08\/2023<\/mark><\/strong><\/h2>\n\n\n\n<h1 class=\"wp-block-heading has-text-align-center has-accent-font-color has-text-color has-link-color has-x-large-font-size wp-elements-82dc570aca931ef2479c01f174002906\" style=\"font-style:normal;font-weight:700\"><p><strong style=\"font-size: var(--wp--preset--font-size--normal);\">M\u00c2CON-CHARNAY AIRFIELD<\/strong><\/p><\/h1>\n<\/div><\/div>\n\n\n\n<div class=\"wp-block-countdown-block-countdown alignfull\"><div class=\"eb-parent-wrapper eb-parent-eb-countdown-ex3y552 \"><div class=\"eb-countdown-ex3y552 eb-cd-wrapper\"><div class=\"eb-cd-inner\" blockid=\"eb-countdown-ex3y552\" data-deadline-time=\"1690718400000\" data-is-evergreen-time=\"false\" data-evergreen-time-hours=\"11\" data-evergreen-time-minutes=\"59\" data-evergreen-recurring=\"false\" data-evergreen-restart-time=\"0\" data-evergreen-deadline-time=\"1688376424837\"><div class=\"box cd-box-day\"><span class=\"eb-cd-digit\">00<\/span><span class=\"eb-cd-label\">Days<\/span><\/div><div class=\"box cd-box-hour\"><span class=\"eb-cd-digit\">00<\/span><span class=\"eb-cd-label\">Hours<\/span><\/div><div class=\"box cd-box-minute\"><span class=\"eb-cd-digit\">00<\/span><span class=\"eb-cd-label\">Minutes<\/span><\/div><div class=\"box cd-box-second\"><span class=\"eb-cd-digit\">00<\/span><span class=\"eb-cd-label\">Seconds<\/span><\/div><\/div><\/div><\/div><\/div>\n\n\n\n<p class=\"has-text-align-center has-text-color has-small-font-size\" style=\"color:#ff0707\"><mark style=\"background-color: #ffed19;\" class=\"has-inline-color has-foreground-color\"><strong>Reminder : The Opening Ceremony will be held in the streets of Macon on Saturday 29 July.<\/strong><\/mark><\/p>\n\n\n\n<h2 class=\"wp-block-heading alignfull has-text-align-center has-accent-font-color has-black-background-color has-text-color has-background has-link-color has-small-font-size wp-elements-d34ba361fceb07e5907a5b53557da16f\"><strong>PRESENTATION<\/strong><\/h2>\n\n\n\n<p class=\"has-text-align-left has-small-font-size\">The aerodrome of M\u00e2con \u2013 Charnay welcomes the 23 rd FAI World Rally Flying Championships (WRFC), with about 50 crews (25 planes), competing for a week with on-site entertainment, vintage planes, flight simulators&#8230; and even more surprises on Saturday 05 August.<\/p>\n\n\n\n<div class=\"wp-block-columns are-vertically-aligned-center is-layout-flex wp-container-core-columns-layout-2 wp-block-columns-is-layout-flex\">\n<div class=\"wp-block-column is-vertically-aligned-center is-layout-flow wp-block-column-is-layout-flow\" style=\"flex-basis:50%\">\n<div class=\"wp-block-columns alignwide are-vertically-aligned-center is-layout-flex wp-container-core-columns-layout-1 wp-block-columns-is-layout-flex\">\n<div class=\"wp-block-column is-vertically-aligned-center is-layout-flow wp-block-column-is-layout-flow\">\n<figure class=\"wp-block-image size-large\"><img loading=\"lazy\" decoding=\"async\" width=\"1024\" height=\"1024\" src=\"http:\/\/wrfc2023.local\/wp-content\/uploads\/2022\/12\/cropped-Logo-pour-site-1024x1024.png\" alt=\"\" class=\"wp-image-115\" srcset=\"http:\/\/wrfc2023.local\/wp-content\/uploads\/2022\/12\/cropped-Logo-pour-site-1024x1024.png 1024w, http:\/\/wrfc2023.local\/wp-content\/uploads\/2022\/12\/cropped-Logo-pour-site-300x300.png 300w, http:\/\/wrfc2023.local\/wp-content\/uploads\/2022\/12\/cropped-Logo-pour-site-150x150.png 150w, http:\/\/wrfc2023.local\/wp-content\/uploads\/2022\/12\/cropped-Logo-pour-site-768x768.png 768w, http:\/\/wrfc2023.local\/wp-content\/uploads\/2022\/12\/cropped-Logo-pour-site.png 1038w\" sizes=\"(max-width: 1024px) 100vw, 1024px\" \/><\/figure>\n<\/div>\n<\/div>\n<\/div>\n\n\n\n<div class=\"wp-block-column is-vertically-aligned-center is-layout-flow wp-block-column-is-layout-flow\" style=\"flex-basis:50%\">\n<figure class=\"wp-block-image size-full\"><a href=\"https:\/\/wrfc2023.wpcomstaging.com\/program\/\"><img loading=\"lazy\" decoding=\"async\" width=\"571\" height=\"568\" src=\"http:\/\/wrfc2023.local\/wp-content\/uploads\/2023\/06\/Teams-CDM-1-1.png\" alt=\"\" class=\"wp-image-863\" srcset=\"http:\/\/wrfc2023.local\/wp-content\/uploads\/2023\/06\/Teams-CDM-1-1.png 571w, http:\/\/wrfc2023.local\/wp-content\/uploads\/2023\/06\/Teams-CDM-1-1-300x298.png 300w, http:\/\/wrfc2023.local\/wp-content\/uploads\/2023\/06\/Teams-CDM-1-1-150x150.png 150w\" sizes=\"(max-width: 571px) 100vw, 571px\" \/><\/a><\/figure>\n<\/div>\n<\/div>\n\n\n\n<hr class=\"wp-block-separator has-alpha-channel-opacity is-style-dots\"\/>\n\n\n\n<h2 class=\"wp-block-heading alignfull has-text-align-center has-accent-font-color has-black-background-color has-text-color has-background has-link-color has-small-font-size wp-elements-ffaa666568d76f3afe56402310070ef1\"><strong>DOSSIER DE PRESEN<\/strong>TATION<\/h2>\n\n\n\n<div data-wp-interactive=\"\" class=\"wp-block-file\"><object data-wp-bind--hidden=\"!selectors.core.file.hasPdfPreview\" hidden class=\"wp-block-file__embed\" data=\"http:\/\/wrfc2023.local\/wp-content\/uploads\/2023\/07\/Dossier-de-Presse.pdf\" type=\"application\/pdf\" style=\"width:100%;height:400px\" aria-label=\"PDF embed\"><\/object><\/div>\n\n\n\n<hr class=\"wp-block-separator has-alpha-channel-opacity is-style-dots\"\/>\n\n\n\n<div class=\"wp-block-media-text alignfull has-media-on-the-right is-stacked-on-mobile is-vertically-aligned-center has-background-color has-foreground-background-color has-text-color has-background has-small-font-size\" style=\"grid-template-columns:auto 34%\"><div class=\"wp-block-media-text__content\">\n<h2 class=\"wp-block-heading\">WHAT ABOUT RALLY FLYING ?<\/h2>\n\n\n\n<p class=\"has-text-align-justify has-accent-font-color has-black-background-color has-text-color has-background has-link-color wp-elements-ed18dcaaa3e39437ff950eeadfcaa435\">The Rally Flying consists of preparing a navigation, following it in flight with precision while respecting the transit times at the turning points, observing the environment (recognition of photos), then land precisely. Each navigation is coupled with a precision landing test. A test is scheduled each day.<\/p>\n<\/div><figure class=\"wp-block-media-text__media\"><video controls src=\"https:\/\/videos.files.wordpress.com\/mSr6zSSf\/teaser-rallye-v2-angl_1.mp4\"><\/video><\/figure><\/div>\n\n\n\n<hr class=\"wp-block-separator has-alpha-channel-opacity is-style-dots\"\/>\n\n\n\n<h2 class=\"wp-block-heading alignfull has-text-align-center has-accent-font-color has-black-background-color has-text-color has-background has-link-color has-small-font-size wp-elements-e32db0a1693dbde0df084be54afc9129\"><strong>LOCATION<\/strong><\/h2>\n\n\n\n<div class=\"wp-block-columns is-layout-flex wp-container-core-columns-layout-3 wp-block-columns-is-layout-flex\">\n<div class=\"wp-block-column is-layout-flow wp-block-column-is-layout-flow\">\n<p><strong>Airfield<\/strong> M\u00e2con Charnay, LFLM<br><strong>Location <\/strong>2KM SW M\u00e2con<br><strong>Coordinates<\/strong> 46\u00b017\u201845\u201cN 004\u00b047\u201845\u201cE <strong>ELEV <\/strong>729 FT<br><strong>FREQ<\/strong> 119.005 MHz<br><strong>RWY<\/strong> 17 \/ 35 \u2013 1230 M x 24 M PAVED<br><strong>Availability<\/strong> DAY-VFR<br><strong>Customs<\/strong> O\/R<br><strong>Aerodrome Operator<\/strong> M\u00e2con City<\/p>\n<\/div>\n\n\n\n<div class=\"wp-block-column is-layout-flow wp-block-column-is-layout-flow\"><div class=\"wp-block-image\">\n<figure class=\"aligncenter size-full is-resized\"><img loading=\"lazy\" decoding=\"async\" width=\"1023\" height=\"1023\" src=\"http:\/\/wrfc2023.local\/wp-content\/uploads\/2023\/07\/Untitled.png\" alt=\"\" class=\"wp-image-1017\" style=\"width:197px;height:197px\" srcset=\"http:\/\/wrfc2023.local\/wp-content\/uploads\/2023\/07\/Untitled.png 1023w, http:\/\/wrfc2023.local\/wp-content\/uploads\/2023\/07\/Untitled-300x300.png 300w, http:\/\/wrfc2023.local\/wp-content\/uploads\/2023\/07\/Untitled-150x150.png 150w, http:\/\/wrfc2023.local\/wp-content\/uploads\/2023\/07\/Untitled-768x768.png 768w\" sizes=\"(max-width: 1023px) 100vw, 1023px\" \/><\/figure><\/div>\n\n\n<p class=\"has-text-align-center has-small-font-size\"><strong><mark class=\"has-inline-color has-background-color\" style=\"background-color: #0a0a0a;\">VISUAL LANDING<\/mark><\/strong><\/p>\n<\/div>\n<\/div>\n\n\n\n<iframe src=\"https:\/\/www.google.com\/maps\/embed?pb=!1m18!1m12!1m3!1d9407.120430375051!2d4.795616046359225!3d46.29677893770213!2m3!1f0!2f0!3f0!3m2!1i1024!2i768!4f13.1!3m3!1m2!1s0x47f36fd31a995927%3A0x56c7aaf90bee61ea!2sM%C3%A2con%20-%20Charnay%20Airport!5e0!3m2!1sen!2sza!4v1699524718895!5m2!1sen!2sza\" width=\"600\" height=\"450\" style=\"border:0;\" allowfullscreen=\"\" loading=\"lazy\" referrerpolicy=\"no-referrer-when-downgrade\"><\/iframe>\n\n\n\n<h2 class=\"wp-block-heading alignfull has-text-align-center has-accent-font-color has-black-background-color has-text-color has-background has-link-color has-small-font-size wp-elements-da85d58f547a2dc9c4856575fa234bb4\"><strong>ORGANISATION<\/strong><\/h2>\n\n\n\n<figure class=\"wp-block-image size-large\"><img loading=\"lazy\" decoding=\"async\" width=\"1024\" height=\"259\" src=\"http:\/\/wrfc2023.local\/wp-content\/uploads\/2023\/06\/Orga-1024x259.png\" alt=\"\" class=\"wp-image-757\" srcset=\"http:\/\/wrfc2023.local\/wp-content\/uploads\/2023\/06\/Orga-1024x259.png 1024w, http:\/\/wrfc2023.local\/wp-content\/uploads\/2023\/06\/Orga-300x76.png 300w, http:\/\/wrfc2023.local\/wp-content\/uploads\/2023\/06\/Orga-768x194.png 768w, http:\/\/wrfc2023.local\/wp-content\/uploads\/2023\/06\/Orga-1536x389.png 1536w, http:\/\/wrfc2023.local\/wp-content\/uploads\/2023\/06\/Orga.png 1920w\" sizes=\"(max-width: 1024px) 100vw, 1024px\" \/><\/figure>\n\n\n\n<h2 class=\"wp-block-heading alignfull has-text-align-center has-accent-font-color has-black-background-color has-text-color has-background has-link-color has-small-font-size wp-elements-12ab2cf82e26e2484d2458d16aa46b8b\"><strong>THEY SUPPORT US<\/strong><\/h2>\n\n\n<div class=\"wp-block-image\">\n<figure class=\"aligncenter size-large is-resized\"><img loading=\"lazy\" decoding=\"async\" width=\"1024\" height=\"576\" src=\"http:\/\/wrfc2023.local\/wp-content\/uploads\/2023\/06\/Partenaires-1024x576.png\" alt=\"\" class=\"wp-image-752\" style=\"width:780px;height:438px\" srcset=\"http:\/\/wrfc2023.local\/wp-content\/uploads\/2023\/06\/Partenaires-1024x576.png 1024w, http:\/\/wrfc2023.local\/wp-content\/uploads\/2023\/06\/Partenaires-300x169.png 300w, http:\/\/wrfc2023.local\/wp-content\/uploads\/2023\/06\/Partenaires-768x432.png 768w, http:\/\/wrfc2023.local\/wp-content\/uploads\/2023\/06\/Partenaires-1536x864.png 1536w, http:\/\/wrfc2023.local\/wp-content\/uploads\/2023\/06\/Partenaires.png 1920w\" sizes=\"(max-width: 1024px) 100vw, 1024px\" \/><\/figure><\/div>\n\n\n<h2 class=\"wp-block-heading alignfull has-text-align-center has-accent-font-color has-black-background-color has-text-color has-background has-link-color has-small-font-size wp-elements-4e1aa7e0b7e9bb104919f1601a9ff762\">&nbsp;<\/h2>\n\n\n\n<div class=\"wp-block-group is-layout-constrained wp-block-group-is-layout-constrained\"><div class=\"wp-block-group__inner-container\">\n<p class=\"has-text-align-center has-small-font-size\"><strong>F\u00e9d\u00e9ration Fran\u00e7aise A\u00e9ronautique <br><\/strong>155 Avenue de Wagram<br>75017 Paris FRANCE<\/p>\n\n\n<div class=\"wp-block-image\">\n<figure class=\"aligncenter size-full is-resized\"><img loading=\"lazy\" decoding=\"async\" src=\"http:\/\/wrfc2023.local\/wp-content\/uploads\/2022\/12\/FFA_Logo.jpg\" alt=\"\" class=\"wp-image-125\" width=\"175\" height=\"83\" srcset=\"http:\/\/wrfc2023.local\/wp-content\/uploads\/2022\/12\/FFA_Logo.jpg 474w, http:\/\/wrfc2023.local\/wp-content\/uploads\/2022\/12\/FFA_Logo-300x143.jpg 300w\" sizes=\"(max-width: 175px) 100vw, 175px\" \/><\/figure><\/div><\/div><\/div>\n","protected":false},"excerpt":{"rendered":"<p>Reminder : The Opening Ceremony will be held in the streets of Macon on Saturday 29 July. PRESENTATION The aerodrome of M\u00e2con \u2013 Charnay welcomes the 23 rd FAI World Rally Flying Championships (WRFC), with about 50 crews (25 planes), competing for a week with on-site entertainment, vintage planes, flight simulators&#8230; and even more surprises on Saturday 05 August. DOSSIER DE PRESENTATION WHAT ABOUT RALLY FLYING ? The Rally Flying consists of preparing a navigation, following it in flight with precision while respecting the transit times at the turning points, observing the environment (recognition of photos), then land precisely. Each navigation is coupled with a<a class=\"more-link\" href=\"http:\/\/wrfc2023.local\/\">Read More &rarr;<\/a><\/p>\n","protected":false},"author":1,"featured_media":0,"parent":0,"menu_order":0,"comment_status":"closed","ping_status":"closed","template":"","meta":{"_eb_attr":"","footnotes":""},"_links":{"self":[{"href":"http:\/\/wrfc2023.local\/wp-json\/wp\/v2\/pages\/17"}],"collection":[{"href":"http:\/\/wrfc2023.local\/wp-json\/wp\/v2\/pages"}],"about":[{"href":"http:\/\/wrfc2023.local\/wp-json\/wp\/v2\/types\/page"}],"author":[{"embeddable":true,"href":"http:\/\/wrfc2023.local\/wp-json\/wp\/v2\/users\/1"}],"replies":[{"embeddable":true,"href":"http:\/\/wrfc2023.local\/wp-json\/wp\/v2\/comments?post=17"}],"version-history":[{"count":14,"href":"http:\/\/wrfc2023.local\/wp-json\/wp\/v2\/pages\/17\/revisions"}],"predecessor-version":[{"id":1205,"href":"http:\/\/wrfc2023.local\/wp-json\/wp\/v2\/pages\/17\/revisions\/1205"}],"wp:attachment":[{"href":"http:\/\/wrfc2023.local\/wp-json\/wp\/v2\/media?parent=17"}],"curies":[{"name":"wp","href":"https:\/\/api.w.org\/{rel}","templated":true}]}}